{"id":84,"date":"2010-11-26T02:05:51","date_gmt":"2010-11-26T01:05:51","guid":{"rendered":"http:\/\/stanek.ch\/wordpress\/"},"modified":"2017-11-28T17:04:41","modified_gmt":"2017-11-28T16:04:41","slug":"das-weibliche-betriebssystem","status":"publish","type":"page","link":"http:\/\/stanek.ch\/wordpress\/buecher\/das-weibliche-betriebssystem\/","title":{"rendered":"Das weibliche Betriebssystem"},"content":{"rendered":"<h3>Bruno Staneks viertes &#8211; ernsthaft humoristisches &#8211; Sachbuch&#8230;<\/h3>\n<p><span style=\"font-size: 13px; font-family: Georgia, 'Times New Roman', 'Bitstream Charter', Times, serif; line-height: 19px;\"><img loading=\"lazy\" decoding=\"async\" class=\"alignnone size-full wp-image-85\" title=\"WeiblichesBetriebssystem300\" src=\"http:\/\/stanek.ch\/wordpress\/wp-content\/uploads\/2010\/11\/WeiblichesBetriebssystem300.jpg\" alt=\"\" width=\"390\" height=\"475\" srcset=\"http:\/\/stanek.ch\/wordpress\/wp-content\/uploads\/2010\/11\/WeiblichesBetriebssystem300.jpg 390w, http:\/\/stanek.ch\/wordpress\/wp-content\/uploads\/2010\/11\/WeiblichesBetriebssystem300-246x300.jpg 246w\" sizes=\"auto, (max-width: 390px) 100vw, 390px\" \/><\/span><\/p>\n<p>Ein Buch, das Sie mit viel Genuss nochmals auf Papier lesen werden &#8211; und als Erinnerung an bibliophile 500 Jahre gerne aufbewahren werden. Die Leserinnen schmunzeln, weil sie darin so gut wegkommen. Ihre Besonderheiten sind n\u00e4mlich einmal aus der Sicht der nat\u00fcrlichen Zweckm\u00e4ssigkeit dargestellt. Das weibliche Betriebssystem, seit Jahrmillionen ausgetestet, funktioniert eben genau nach den Spezifikationen der Natur! M\u00e4nnliche Leser finden hier Trost und stellen fest, dass sich damit f\u00fcr beide Geschlechter auch in der verr\u00fcckten Gegenwart der Zivilisation bestens leben l\u00e4sst. Alle Funktionen unterhalb der &#8222;politisch-modisch-grafischen&#8220; Oberfl\u00e4che bzw. Schnittstelle dieses Betriebssystems laufen erstaunlich archaisch ab und sorgen im Zweifelsfall immer wieder f\u00fcr Kontinuit\u00e4t bei der Evolution von Homo Sapiens. Die dabei wegen allerlei Verwirrungen des Zeitgeistes unvermeidlichen <a href=\"http:\/\/stanek.ch\/wordpress\/wp-content\/uploads\/2015\/12\/Weibliche-Inkonsequenz.jpg\">Stolperstellen der Zweigeschlechtlichkeit<\/a> werden im Buch mit viel Ironie und Heiterkeit um so lehrreicher karikiert&#8230;<\/p>\n<h5><span style=\"color: #444444;\">ISBN 978-3-033-02607-0<br \/>\n<\/span><span style=\"color: #444444;\"><br \/>\nPreis: 32 sFr.<\/span><\/h5>\n<p><a href=\"http:\/\/www.stanek.ch\/Bestell4.htm\">Bestellbar via Bestellformular<\/a><\/p>\n<p><object classid=\"clsid:d27cdb6e-ae6d-11cf-96b8-444553540000\" width=\"480\" height=\"385\" codebase=\"http:\/\/download.macromedia.com\/pub\/shockwave\/cabs\/flash\/swflash.cab#version=6,0,40,0\"><param name=\"allowFullScreen\" value=\"true\" \/><param name=\"allowscriptaccess\" value=\"always\" \/><param name=\"src\" value=\"http:\/\/www.youtube.com\/v\/3pOxQbIuMEo&amp;hl=en_US&amp;fs=1\" \/><param name=\"allowfullscreen\" value=\"true\" \/><embed type=\"application\/x-shockwave-flash\" width=\"480\" height=\"385\" src=\"http:\/\/www.youtube.com\/v\/3pOxQbIuMEo&amp;hl=en_US&amp;fs=1\" allowscriptaccess=\"always\" allowfullscreen=\"true\"><\/embed><\/object><\/p>\n<p><a href=\"\/VideoBuch640x480.wmv\">Download Vorschau Video 640&#215;480 Pixel, WMV 81 MB. <\/a><\/p>\n<p><a href=\"\/VideoBuch360x270.wmv\">Download Vorschau Video 360&#215;270 Pixel, WMV 37 MB.<\/a><\/p>\n<p>Nachdem das Buch-Projekt anl\u00e4sslich eines Interviews in der Schweizer TV-Programmzeitschrift TELE aktenkundig geworden ist, und, wie untenstehendes Bild zeigt, dank Bruno Petroni vom Berner Oberl\u00e4nder auch schon auf dem ledigen M\u00f6nch (4105 m) war, hier nun die pers\u00f6nliche Vorstellung des Werkes durch den Autor. Das Manuskript ist nach siebenj\u00e4hriger \u00abTragzeit\u00bb im Herbst 2010 fertig geworden. Gut Ding will eben Weile haben. Das Buch erschien in der gleich pr\u00e4chtigen Ausstattung wie die bisherigen Ausgaben bei der &#8222;Astrosoftware Dr. B.L. Stanek&#8220;, erneut von Rigi-Druck Kaelin in Goldau mit viel Sorgfalt gedruckt. Umschlagbild von Peter Feusi, K\u00fcssnacht, nach gemeinsam durchdachten Ideen mit dem Autor&#8230;<\/p>\n<p><a href=\"http:\/\/stanek.ch\/wordpress\/wp-content\/uploads\/2010\/11\/FotoPetroniBuchDWB.jpg\"><img loading=\"lazy\" decoding=\"async\" title=\"FotoPetroniBuchDWB\" src=\"http:\/\/stanek.ch\/wordpress\/wp-content\/uploads\/2010\/11\/FotoPetroniBuchDWB.jpg\" alt=\"\" width=\"480\" height=\"360\" \/><\/a><\/p>\n","protected":false},"excerpt":{"rendered":"<p>Bruno Staneks viertes &#8211; ernsthaft humoristisches &#8211; Sachbuch&#8230; Ein Buch, das Sie mit viel Genuss nochmals auf Papier lesen werden &#8211; und als Erinnerung an bibliophile 500 Jahre gerne aufbewahren werden. Die Leserinnen schmunzeln, weil sie darin so gut wegkommen. &hellip; <a href=\"http:\/\/stanek.ch\/wordpress\/buecher\/das-weibliche-betriebssystem\/\">Weiterlesen <span class=\"meta-nav\">&rarr;<\/span><\/a><\/p>\n","protected":false},"author":1,"featured_media":0,"parent":6,"menu_order":0,"comment_status":"closed","ping_status":"closed","template":"onecolumn-page.php","meta":{"footnotes":""},"class_list":["post-84","page","type-page","status-publish","hentry"],"_links":{"self":[{"href":"http:\/\/stanek.ch\/wordpress\/wp-json\/wp\/v2\/pages\/84","targetHints":{"allow":["GET"]}}],"collection":[{"href":"http:\/\/stanek.ch\/wordpress\/wp-json\/wp\/v2\/pages"}],"about":[{"href":"http:\/\/stanek.ch\/wordpress\/wp-json\/wp\/v2\/types\/page"}],"author":[{"embeddable":true,"href":"http:\/\/stanek.ch\/wordpress\/wp-json\/wp\/v2\/users\/1"}],"replies":[{"embeddable":true,"href":"http:\/\/stanek.ch\/wordpress\/wp-json\/wp\/v2\/comments?post=84"}],"version-history":[{"count":14,"href":"http:\/\/stanek.ch\/wordpress\/wp-json\/wp\/v2\/pages\/84\/revisions"}],"predecessor-version":[{"id":7036,"href":"http:\/\/stanek.ch\/wordpress\/wp-json\/wp\/v2\/pages\/84\/revisions\/7036"}],"up":[{"embeddable":true,"href":"http:\/\/stanek.ch\/wordpress\/wp-json\/wp\/v2\/pages\/6"}],"wp:attachment":[{"href":"http:\/\/stanek.ch\/wordpress\/wp-json\/wp\/v2\/media?parent=84"}],"curies":[{"name":"wp","href":"https:\/\/api.w.org\/{rel}","templated":true}]}}