{"id":8,"date":"2010-11-25T06:15:18","date_gmt":"2010-11-25T05:15:18","guid":{"rendered":"http:\/\/stanek.ch\/wordpress\/?page_id=8"},"modified":"2022-07-05T20:34:48","modified_gmt":"2022-07-05T19:34:48","slug":"lexika","status":"publish","type":"page","link":"http:\/\/stanek.ch\/wordpress\/lexika\/","title":{"rendered":"Multimedia-DVDs"},"content":{"rendered":"<p><a href=\"http:\/\/stanek.ch\/wordpress\/wp-content\/uploads\/2010\/11\/FlugjahreRueckseite.jpg\"><img loading=\"lazy\" decoding=\"async\" class=\"alignnone size-full wp-image-73\" title=\"F2007Front180\" src=\"http:\/\/stanek.ch\/wordpress\/wp-content\/uploads\/2010\/11\/F2007Front180.jpg\" alt=\"\" width=\"180\" height=\"256\" \/><\/a> <a href=\"http:\/\/stanek.ch\/wordpress\/lexika\/planetenlexikon\/\"><img loading=\"lazy\" decoding=\"async\" class=\"alignnone size-full wp-image-72\" title=\"P2005Front180\" src=\"http:\/\/stanek.ch\/wordpress\/wp-content\/uploads\/2010\/11\/P2005Front180.jpg\" alt=\"\" width=\"180\" height=\"251\" \/><\/a><\/p>\n<p>Das Buchzeitalter dauerte seit Gutenberg rund 500 Jahre, das Zeitalter Datentr\u00e4ger-basierten Wissens nur maximal 15 Jahre, von etwa 1990 bis 2005. Es hatte viele Vorteile und bewahrte die Qualit\u00e4t, weil weiterhin ein identifizierbarer Autor dahinter stand. Dem Vorteil der Best\u00e4ndigkeit (fast wie beim Buch) stand der Nachteil der statischen Information entgegen, die man weiterhin nicht aktualisieren konnte. Im H\u00f6hepunkt der Beliebtheit von CD und DVD hiess es bei mir in der Werbung \u00abEinfach DVD oder CD einschieben und loslegen, keine Installation n\u00f6tig!\u00bb Wichtig f\u00fcr Mac- und reine Fernseh-Freaks war: Diese Multimedia-Produktionen ben\u00f6tigten einen PC mit Windows. DVD wurde auch gelegentlich mit Video-DVD verwechselt. Die DVDs enthielten zwar sogar 5 Stunden Video &#8211; oder mehr, aber f\u00fcr den PC (also Personal Computer). Ideal f\u00fcr Leute, die viel, wenn auch nicht alles, wissen wollten, aber wenigstens das Wichtigste. Und es war noch lange das ideale Weihnachtsgeschenk! <\/p>\n<p>Schon bald lobte man, und nicht ganz zu Unrecht: Der umfassende Klassiker, von 1995 bis 2010 ein auf diesem Niveau konkurrenzloses Produkt, von dem es schon von Anfang an hiess:<\/p>\n<blockquote><p>&#8222;&#8230;man kommt kaum mehr von der CD los&#8230;&#8220; \u00a0 \u00a0Tagesanzeiger<\/p><\/blockquote>\n<blockquote><p>&#8222;&#8230;getestet und f\u00fcr gut befunden&#8230;&#8220; \u00a0\u00a0Br\u00fcckenbauer (heute Migros-Zeitung)<\/p><\/blockquote>\n<blockquote><p>&#8222;&#8230;einfach zu bedienen und doch sehr informativ&#8230;&#8220; \u00a0Open MultiMedia<\/p><\/blockquote>\n<p><a href=\"http:\/\/stanek.ch\/wordpress\/lexika\/vergriffene-cdsdvds\/\">Vergriffene CDs und DVDs<\/a><\/p>\n<p>Die Antwort darauf, ob Wikipedia ein vollwertiger Ersatz ist, muss sich Jeder selber geben. Haben Sie jemals einen Internet-Link zu Weihnachten geschenkt?<\/p>\n<p><strong><a href=\"https:\/\/www.google.com\/search?q=planetenlexikon+dvd+stanek+amazon&#038;tbm=isch&#038;source=iu&#038;ictx=1&#038;fir=pwinACk2uL2QgM%252ChKWCbX3LgL_6vM%252C_%253B37QWKA5QzxAJ3M%252CyKJyUzWGZ9HppM%252C_%253BXdU2ajbwpOj4pM%252CtMhqz_BIxx_oUM%252C_%253Blz8tW8RnfvkB-M%252CoB1ZEqjTJIt0VM%252C_%253BY-1HVlg9v6rCLM%252C6fcK3FNrMAaBRM%252C_%253BnouoKuQ4rlt9wM%252CyKJyUzWGZ9HppM%252C_%253BUMhuLprUQ2jmWM%252CoB1ZEqjTJIt0VM%252C_%253BzICbnDpjX_EzjM%252Cf7_twRBmc8vw0M%252C_%253BEkJh5XqBpWCtRM%252CoB1ZEqjTJIt0VM%252C_%253BCr6bGwkbRTrchM%252Cf7_twRBmc8vw0M%252C_&#038;vet=1&#038;usg=AI4_-kSt5NkM3SnYHeCHtl3gECSnV5m9VA&#038;sa=X&#038;ved=2ahUKEwjXr__WgYT1AhVniP0HHQCYDPQQ9QF6BAgjEAE\">Mit etwas Gl\u00fcck kann man antiquarische DVD-Lexika von Stanek bei Amazon immer noch f\u00eenden.<\/a><\/strong><\/p>\n","protected":false},"excerpt":{"rendered":"<p>Das Buchzeitalter dauerte seit Gutenberg rund 500 Jahre, das Zeitalter Datentr\u00e4ger-basierten Wissens nur maximal 15 Jahre, von etwa 1990 bis 2005. Es hatte viele Vorteile und bewahrte die Qualit\u00e4t, weil weiterhin ein identifizierbarer Autor dahinter stand. Dem Vorteil der Best\u00e4ndigkeit &hellip; <a href=\"http:\/\/stanek.ch\/wordpress\/lexika\/\">Weiterlesen <span class=\"meta-nav\">&rarr;<\/span><\/a><\/p>\n","protected":false},"author":1,"featured_media":0,"parent":0,"menu_order":0,"comment_status":"closed","ping_status":"open","template":"","meta":{"footnotes":""},"class_list":["post-8","page","type-page","status-publish","hentry"],"_links":{"self":[{"href":"http:\/\/stanek.ch\/wordpress\/wp-json\/wp\/v2\/pages\/8","targetHints":{"allow":["GET"]}}],"collection":[{"href":"http:\/\/stanek.ch\/wordpress\/wp-json\/wp\/v2\/pages"}],"about":[{"href":"http:\/\/stanek.ch\/wordpress\/wp-json\/wp\/v2\/types\/page"}],"author":[{"embeddable":true,"href":"http:\/\/stanek.ch\/wordpress\/wp-json\/wp\/v2\/users\/1"}],"replies":[{"embeddable":true,"href":"http:\/\/stanek.ch\/wordpress\/wp-json\/wp\/v2\/comments?post=8"}],"version-history":[{"count":24,"href":"http:\/\/stanek.ch\/wordpress\/wp-json\/wp\/v2\/pages\/8\/revisions"}],"predecessor-version":[{"id":67,"href":"http:\/\/stanek.ch\/wordpress\/wp-json\/wp\/v2\/pages\/8\/revisions\/67"}],"wp:attachment":[{"href":"http:\/\/stanek.ch\/wordpress\/wp-json\/wp\/v2\/media?parent=8"}],"curies":[{"name":"wp","href":"https:\/\/api.w.org\/{rel}","templated":true}]}}