{"id":75,"date":"2010-11-26T01:50:56","date_gmt":"2010-11-26T00:50:56","guid":{"rendered":"http:\/\/stanek.ch\/wordpress\/"},"modified":"2024-08-17T22:49:39","modified_gmt":"2024-08-17T21:49:39","slug":"flugjahre-zum-mond","status":"publish","type":"page","link":"http:\/\/stanek.ch\/wordpress\/lexika\/flugjahre-zum-mond\/","title":{"rendered":"Flugjahre zum Mond"},"content":{"rendered":"<p><a href=\"http:\/\/stanek.ch\/wordpress\/wp-content\/uploads\/2010\/11\/FlugjahreRueckseite.jpg\"><img loading=\"lazy\" decoding=\"async\" class=\"alignnone size-full wp-image-76\" title=\"FlugjahreRueckseite\" src=\"http:\/\/stanek.ch\/wordpress\/wp-content\/uploads\/2010\/11\/FlugjahreRueckseite.jpg\" alt=\"\" width=\"589\" height=\"830\" srcset=\"http:\/\/stanek.ch\/wordpress\/wp-content\/uploads\/2010\/11\/FlugjahreRueckseite.jpg 589w, http:\/\/stanek.ch\/wordpress\/wp-content\/uploads\/2010\/11\/FlugjahreRueckseite-212x300.jpg 212w\" sizes=\"auto, (max-width: 589px) 100vw, 589px\" \/><\/a><br \/>\n<em><strong>Erschienen 2007.<\/strong><\/em><\/p>\n<p><strong>Neue Vorbemerkung im September 2018: Vielleicht ist es gut, dass Projekt Constellation schliesslich doch nie realisiert worden ist! Die Firma SpaceX kann mit ihrer Riesenrakete BFR und dem Raumschiff BFS alle Transporte in Erdumlaufbahnen, schliesslich zum Mars und ev. schon ab 2023 zum Mond durchf\u00fchren: privat, ohne Steuergelder und mit eigens verdientem Geld! Schneller, billiger und besser. Aus historischen Gr\u00fcnden bleibt die restliche Webseite ab hier bestehen.<\/strong><em><\/p>\n<p>Ja, das Jahrzehnt der Wiederaufnahme von Mondfl\u00fcgen zwischen 2004-2008\/9 versprach spannend zu werden! Immerhin gaben die Pl\u00e4ne Anlass zum gr\u00fcndlichen Nachdenken dar\u00fcber, wie man nach der 50j\u00e4hrigen technologischen Weiterentwicklung Mondexpeditionen heutzutage planen k\u00f6nnte und w\u00fcrde. Wenn es dann in 20 oder 30 Jahren erneut geplant wird, oder wenn es vielleicht sogar eine andere Nation versuchen sollte, kann es aus Gr\u00fcnden der Naturgesetze gar nicht so anders aussehen. Dies ist auf dieser DVD in allen technischen Einzelheiten von Projekt Constellation dargestellt. Dazu findet man heute noch nirgends sonst ver\u00f6ffentlichte vollst\u00e4ndige Aufzeichnungen der Zusammenfassungs-Sendungen dreier Apollo-Mondmissionen des Schweizer Fernsehens. Kommentiert damals vom Autor dieser DVD selber&#8230; Ein weiteres Highlight ist die Auswahl der besten 16mm-Filme von Apollo-Mondmissionen, die schon damals farbig waren! Diese bekommt der Zuschauer noch etwas ausf\u00fchrlicher auch im gleichnamigen Film \u00abFlugjahre zum Mond\u00bb zu sehen.<\/p>\n<p><a href=\"http:\/\/stanek.ch\/wordpress\/vortragehistory\/2013\/11\/25-november-in-zurich-filmabend-flugjahre-zum-mond\/\">Dieser Film wurde am 25. November 2013 um 19 Uhr<\/a> wieder einmal in Z\u00fcrich gezeigt. Er geht in die Geschichte ein als Zeugnis daf\u00fcr, was sich die NASA bis zu Pr\u00e4sident Obama noch zugetraut hat.<\/p>\n<p>Seit 2016 wurde klar, dass die weitere Monderforschung nochmals ganz anders abl\u00e4uft. Die gute Nachricht ist, dass neue Ideen aufgekommen sind, weil die staatliche NASA wegen ihrer l\u00e4hmenden B\u00fcrokratie beim neuen Mondprogramm total versagt hat und Private, die Firma SpaceX, das Szepter \u00fcbernommen haben. Ich berichte weiterhin dar\u00fcber, aber nicht mehr auf CDs oder DVDs, sondern einmal j\u00e4hrlich bei meinem <a href=\"http:\/\/stanek.ch\/wordpress\/vortrageupcoming\/2019\/11\/goldauer-herbstvortrag-2020-am-6-november\/\">Herbstvortrag<\/a> in Goldau (vorl\u00e4ufig bis am 8. November 2024) und im Space Corner der Schweizer Aviatikerzeitschrift COCKPIT bis 2004-2022. Wenn ein Wunder geschieht, werde ich \u00abim hohen Alter\u00bb vielleicht doch nochmals eine Mondlandung erleben. Theoretisch k\u00f6nnten wir auch noch eine bemannte Marslandung mitverfolgen bis 2030. Ich m\u00fcsste allerdings ein Alter von 87 Jahren erreichen&#8230; Damit habe ich schon gar nicht mehr gerechnet, nachdem die NASA die Bewunderer ihrer bemannten Raumfahrt seit Jahrzehnten im Stich gelassen hat.<\/p>\n<p>Mit diesem <a href=\"https:\/\/www.youtube.com\/watch?v=XesUlf-cobY\">Video<\/a> habe ich diese DVD damals vorgestellt und der Film mit Luftaufnahmen des Ames Research Center und \u00fcber San Francisco (Pilot Ganymed Stanek) l\u00e4sst sich von einem YouTube-Llnk seit dem 17.11.2024 wieder anschauen!<br \/>\nDank sei <a href=\"https:\/\/www.arth-online.ch\/\">Daniel Annen<\/a> aus Arth!<\/p>\n<p>Hier ein kurzer <a href=\"https:\/\/www.dropbox.com\/s\/i8rafitw3xxwwuf\/StanekTrailer4.mp4?dl=0\">Hollywood-Style-Trailer<\/a>, den mir <a href=\"http:\/\/www.soundadventures.tv\/\">Thomas Zbornik<\/a>, ein Profi, anl\u00e4sslich eines <a href=\"http:\/\/stanek.ch\/wordpress\/vortragehistory\/2013\/11\/25-november-in-zurich-filmabend-flugjahre-zum-mond\/\">Filmabends<\/a> bei den <a href=\"http:\/\/www.skeptiker.ch\/\">Skeptikern Schweiz<\/a> produziert hatte.<br \/>\nEr l\u00e4uft leider nicht mehr hier, nur noch auf meinem PC&#8230;<\/p>\n<p>Weiterhin nur noch antiquarisch lieferbar, z.B. bei Amazon &#8211; hier konnte man <a href=\"http:\/\/www.stanek.ch\/Bestell4.htm\">bis 2020&#8230; bestellen<\/a><\/p>\n","protected":false},"excerpt":{"rendered":"<p>Erschienen 2007. Neue Vorbemerkung im September 2018: Vielleicht ist es gut, dass Projekt Constellation schliesslich doch nie realisiert worden ist! Die Firma SpaceX kann mit ihrer Riesenrakete BFR und dem Raumschiff BFS alle Transporte in Erdumlaufbahnen, schliesslich zum Mars und &hellip; <a href=\"http:\/\/stanek.ch\/wordpress\/lexika\/flugjahre-zum-mond\/\">Weiterlesen <span class=\"meta-nav\">&rarr;<\/span><\/a><\/p>\n","protected":false},"author":1,"featured_media":0,"parent":8,"menu_order":0,"comment_status":"closed","ping_status":"open","template":"onecolumn-page.php","meta":{"footnotes":""},"class_list":["post-75","page","type-page","status-publish","hentry"],"_links":{"self":[{"href":"http:\/\/stanek.ch\/wordpress\/wp-json\/wp\/v2\/pages\/75","targetHints":{"allow":["GET"]}}],"collection":[{"href":"http:\/\/stanek.ch\/wordpress\/wp-json\/wp\/v2\/pages"}],"about":[{"href":"http:\/\/stanek.ch\/wordpress\/wp-json\/wp\/v2\/types\/page"}],"author":[{"embeddable":true,"href":"http:\/\/stanek.ch\/wordpress\/wp-json\/wp\/v2\/users\/1"}],"replies":[{"embeddable":true,"href":"http:\/\/stanek.ch\/wordpress\/wp-json\/wp\/v2\/comments?post=75"}],"version-history":[{"count":38,"href":"http:\/\/stanek.ch\/wordpress\/wp-json\/wp\/v2\/pages\/75\/revisions"}],"predecessor-version":[{"id":133,"href":"http:\/\/stanek.ch\/wordpress\/wp-json\/wp\/v2\/pages\/75\/revisions\/133"}],"up":[{"embeddable":true,"href":"http:\/\/stanek.ch\/wordpress\/wp-json\/wp\/v2\/pages\/8"}],"wp:attachment":[{"href":"http:\/\/stanek.ch\/wordpress\/wp-json\/wp\/v2\/media?parent=75"}],"curies":[{"name":"wp","href":"https:\/\/api.w.org\/{rel}","templated":true}]}}