{"id":624,"date":"2010-12-07T05:56:24","date_gmt":"2010-12-07T04:56:24","guid":{"rendered":"http:\/\/stanek.ch\/wordpress\/"},"modified":"2020-06-04T21:09:28","modified_gmt":"2020-06-04T20:09:28","slug":"vergriffene-bucher","status":"publish","type":"page","link":"http:\/\/stanek.ch\/wordpress\/buecher\/vergriffene-bucher\/","title":{"rendered":"Vergriffene B\u00fccher &#8211; und eine Liste aller Publikationen"},"content":{"rendered":"<div>\n<h2>Einige Covers z.T. l\u00e4ngst vergriffener B\u00fccher&#8230;<\/h2>\n<p><a href=\"http:\/\/stanek.ch\/wordpress\/wp-content\/uploads\/2010\/12\/AeltereBuecher1.jpg\"><img loading=\"lazy\" decoding=\"async\" title=\"MINOLTA DIGITAL CAMERA\" src=\"http:\/\/stanek.ch\/wordpress\/wp-content\/uploads\/2010\/12\/AeltereBuecher1-300x232.jpg\" alt=\"\" width=\"300\" height=\"232\" \/><\/a><\/p>\n<p>Es fing an mit &#8222;Der Weg ins All&#8220;, ein Buch, das sogar in der DDR grosse Verbreitung fand. Erst 30 Jahre sp\u00e4ter stellte ich das bei Buchsignierungen fest! Ein Grund f\u00fcr die eigenartige Beliebtheit war auch, dass das Buch trotz Behandlung der US-Mondlandungen zun\u00e4chst nicht verboten war wie meine sp\u00e4teren Werke&#8230;<\/p>\n<p><a href=\"http:\/\/stanek.ch\/wordpress\/wp-content\/uploads\/2010\/12\/AeltereBuecher2.jpg\"><img loading=\"lazy\" decoding=\"async\" title=\"MINOLTA DIGITAL CAMERA\" src=\"http:\/\/stanek.ch\/wordpress\/wp-content\/uploads\/2010\/12\/AeltereBuecher2-300x241.jpg\" alt=\"\" width=\"300\" height=\"241\" \/><\/a><\/p>\n<p>&#8222;Tragbare Opfer&#8220; ist der einzige Titel, der 1988 nur in einer (ausverkauften) Auflage erschien. Alle \u00fcbrigen erreichten 2-6 Auflagen.<\/p>\n<h2>Weitere Publikationen des Autors<\/h2>\n<div>\n<p>&#8222;Der Weg ins All&#8220; (Gloria-Verlag, 1969)<br \/>\nDissertation ETH 1971:<br \/>\n&#8222;Randwertproblem der gest\u00f6rten Zweik\u00f6rperbewegung in regularisierten Variablen&#8220;<br \/>\n&#8222;Kursbuch f\u00fcr das Sonnensystem&#8220; (Hallwag, 1971)<br \/>\nSprechplatte (LP): &#8222;Weltraumfahrt &#8211; was nun?&#8220; (1971, Pick 93-084)<br \/>\nSprechplatte (LP): &#8222;Bitte Mars einfach, 1. Klasse.&#8220; (1972, Pick 93-099)<br \/>\n&#8222;Bildatlas des Sonnensystems&#8220; (Hallwag, 1974)<br \/>\n&#8222;Space Shuttles &#8211; die neue Br\u00fccke ins All&#8220; (Hallwag, 1975)<br \/>\n&#8222;Neues aus dem Weltraum&#8220; (1975\/76, 16teilige TV-Serie, Schweizer Fernsehen)<br \/>\n&#8222;Neuland Mars&#8220; (Hallwag, 1976)<br \/>\nHallwag-Taschenbuch 111 (Hallwag, 1977)<br \/>\n&#8222;Planetenlexikon&#8220; als Buch (Hallwag, 1979-82; Weltbild Verlag 1992, 5. Auflage)<br \/>\n&#8222;Space Art &#8211; Weltraumkunst&#8220; (S\u00e4ntis-Verlag, Bearbeitung aus dem englischen, 1980)<br \/>\n&#8222;Raumfahrtlexikon&#8220; als Buch (Hallwag, 1983)<br \/>\nBrosch\u00fcre &#8222;Weltraumkommerzialisierung&#8220; (1985, f\u00fcr Bank Vontobel)<br \/>\n&#8222;Sparer leben gef\u00e4hrlich&#8220; (Nebelspalter-Verlag Rorschach, 1987)<br \/>\n&#8222;Tragbare Opfer&#8220; (Nebelspalter-Verlag Rorschach, 1988)<br \/>\nBereich Wissenschaft und Technik in Werner H\u00f6fer&#8217;s<br \/>\n&#8222;Weltpanorama&#8220;\u00a0 (Faunus Verlag, Jahrb\u00fccher, 1970-77 &amp; 1991)<br \/>\nBeitrag in &#8222;Halbzeit&#8220;:\u00a0 50 F\u00fcnfzigj\u00e4hrige \u00fcber die Schweiz (Fenkart, 1993)<br \/>\n&#8222;Planetenlexikon&#8220; als erste MultiMedia CD-ROM\u00a0 (Acadia, 1995)<br \/>\n&#8222;Raumfahrtlexikon&#8220; als 2. MultiMedia CD-ROM (Astrosoftware Dr. B.L. Stanek, 1997)<br \/>\n&#8222;Planetenlexikon&#8220; als neue 32-Bit-CD-ROM (Astrosoftware Dr. B.L. Stanek, 1998)<br \/>\n&#8222;Raumfahrtlexikon\u201d und &#8222;Planetenlexikon\u201d als 3. bzw. 2. CD-Auflage (Stanek, 1999)<br \/>\n&#8222;Raumfahrtlexikon\u201d und &#8222;Planetenlexikon\u201d als 4. bzw. 3. CD-Auflage 700 MB (2000)<br \/>\n&#8222;Raumfahrtlexikon 2002\u201d\u00a0 als DVD (Stanek, 2001, f\u00fcr Win 95,98,NT,ME,2000,XP)<br \/>\n&#8222;Planetenlexikon 2002\u201d als DVD (Stanek, 2002, f\u00fcr Win 95,98,NT,ME,2000,XP)<br \/>\n&#8222;Raumfahrtlexikon 2004&#8220; als DVD (Stanek, 2003, f\u00fcr Win 95,98,NT,ME,2000,XP)<br \/>\n&#8222;Planetenlexikon 2005&#8220; als DVD (Stanek, 2004, f\u00fcr Win 95,98,NT,ME,2000,XP)<br \/>\n&#8222;Weltraumkalender 2005&#8220; (Flugzeitschrift &#8222;Cockpit&#8220;, 2004, ausf\u00fchrliche Legenden)<br \/>\n&#8222;Weltraumkalender 2006&#8220; (Flugzeitschrift &#8222;Cockpit&#8220;, 2005, ausf\u00fchrliche Legenden)<br \/>\n&#8222;Wie viel Irrtum braucht der Mensch&#8220; (Stanek, 1.&amp;2. Auflage 2006\/2007)<br \/>\n&#8222;Sparer leben gef\u00e4hrlich&#8220; (Stanek, 6. Auflage massiv erg\u00e4nzt, 2007)<br \/>\n&#8222;Flugjahre zum Mond&#8220; (DVD f\u00fcr alle neuenWindows, Stanek 2007)<br \/>\n&#8222;Geheimnisse des Universums&#8220; (Kinofilm 2009, Stanek, 91 Minuten)<br \/>\n&#8222;Flugjahre zum Mond&#8220; (Kinofilm, Stanek 2009, 106 Minuten)<br \/>\n&#8222;Das weibliche Betriebssystem&#8220; (Stanek, Erstauflage 2010)<\/p>\n<\/div>\n<\/div>\n","protected":false},"excerpt":{"rendered":"<p>Einige Covers z.T. l\u00e4ngst vergriffener B\u00fccher&#8230; Es fing an mit &#8222;Der Weg ins All&#8220;, ein Buch, das sogar in der DDR grosse Verbreitung fand. Erst 30 Jahre sp\u00e4ter stellte ich das bei Buchsignierungen fest! Ein Grund f\u00fcr die eigenartige Beliebtheit &hellip; <a href=\"http:\/\/stanek.ch\/wordpress\/buecher\/vergriffene-bucher\/\">Weiterlesen <span class=\"meta-nav\">&rarr;<\/span><\/a><\/p>\n","protected":false},"author":1,"featured_media":0,"parent":6,"menu_order":4,"comment_status":"closed","ping_status":"open","template":"onecolumn-page.php","meta":{"footnotes":""},"class_list":["post-624","page","type-page","status-publish","hentry"],"_links":{"self":[{"href":"http:\/\/stanek.ch\/wordpress\/wp-json\/wp\/v2\/pages\/624","targetHints":{"allow":["GET"]}}],"collection":[{"href":"http:\/\/stanek.ch\/wordpress\/wp-json\/wp\/v2\/pages"}],"about":[{"href":"http:\/\/stanek.ch\/wordpress\/wp-json\/wp\/v2\/types\/page"}],"author":[{"embeddable":true,"href":"http:\/\/stanek.ch\/wordpress\/wp-json\/wp\/v2\/users\/1"}],"replies":[{"embeddable":true,"href":"http:\/\/stanek.ch\/wordpress\/wp-json\/wp\/v2\/comments?post=624"}],"version-history":[{"count":11,"href":"http:\/\/stanek.ch\/wordpress\/wp-json\/wp\/v2\/pages\/624\/revisions"}],"predecessor-version":[{"id":10570,"href":"http:\/\/stanek.ch\/wordpress\/wp-json\/wp\/v2\/pages\/624\/revisions\/10570"}],"up":[{"embeddable":true,"href":"http:\/\/stanek.ch\/wordpress\/wp-json\/wp\/v2\/pages\/6"}],"wp:attachment":[{"href":"http:\/\/stanek.ch\/wordpress\/wp-json\/wp\/v2\/media?parent=624"}],"curies":[{"name":"wp","href":"https:\/\/api.w.org\/{rel}","templated":true}]}}