{"id":6,"date":"2010-11-25T06:15:51","date_gmt":"2010-11-25T05:15:51","guid":{"rendered":"http:\/\/stanek.ch\/wordpress\/?page_id=6"},"modified":"2025-03-15T14:27:05","modified_gmt":"2025-03-15T13:27:05","slug":"buecher","status":"publish","type":"page","link":"http:\/\/stanek.ch\/wordpress\/buecher\/","title":{"rendered":"B\u00fccher"},"content":{"rendered":"<p><span style=\"color: #ffffff;\">.<\/span><br \/>\n<a href=\"http:\/\/stanek.ch\/wordpress\/buecher\/sparer-leben-gefaehrlich\/\"><img loading=\"lazy\" decoding=\"async\" class=\"alignnone size-full wp-image-55\" title=\"SparerKl\" src=\"http:\/\/stanek.ch\/wordpress\/wp-content\/uploads\/2010\/11\/SparerKl.jpg\" alt=\"\" width=\"95\" height=\"130\" \/><\/a> <a href=\"http:\/\/stanek.ch\/wordpress\/buecher\/wie-viel-irrtum-braucht-der-mensch\/\"><img loading=\"lazy\" decoding=\"async\" class=\"alignnone size-full wp-image-54\" title=\"IrrtumKl\" src=\"http:\/\/stanek.ch\/wordpress\/wp-content\/uploads\/2010\/11\/IrrtumKl.jpg\" alt=\"\" width=\"97\" height=\"130\" \/><\/a> <a href=\"http:\/\/stanek.ch\/wordpress\/buecher\/das-weibliche-betriebssystem\/\"><img loading=\"lazy\" decoding=\"async\" class=\"alignnone size-full wp-image-95\" title=\"WeiblichesBetriebssystemKl\" src=\"http:\/\/stanek.ch\/wordpress\/wp-content\/uploads\/2010\/11\/WeiblichesBetriebssystemKl1.jpg\" alt=\"\" width=\"107\" height=\"130\" \/><\/a><\/p>\n<p>Als geb\u00fcrtiger Rorschacher konnte es Bruno Stanek 1987\/88 nicht bleiben lassen, auch zwei nicht nur humoristische Sachb\u00fccher f\u00fcr den Nebelspalter-Verlag zu schreiben.<\/p>\n<p>In den beiden ersten Werken &#8222;Sparer leben gef\u00e4hrlich&#8220; und &#8222;Tragbare Opfer&#8220; fasste der Autor so ziemlich alles zusammen, was ihm die Lektoren seiner &#8222;normalen&#8220; Sachb\u00fccher in zwei vorangehenden Jahrzehnten aus den Texten herausgestrichen hatten.<br \/>\nSo hat er sich jedenfalls beim Erscheinen der von ihm eher unerwarteten B\u00fccher voller Erheiterung ge\u00e4ussert, und die Leser kamen doch noch in Genuss vieler pikanter Passagen, die sonst Vortragsabenden vorbehalten sind.<\/p>\n<p>Seither sind zwei weitere Werke in vollem Glanz unter dem eigenen Label &#8222;Astrosoftware Dr. B.L. Stanek&#8220; erschienen. &#8222;Wie viel Irrtum braucht der Mensch&#8220; und &#8222;Das weibliche Betriebssystem&#8220;.<\/p>\n<p>Bruno Stanek hat ungef\u00e4hr ein Dutzend B\u00fccher geschrieben; diese drei waren jedoch die einzigen, welche noch lange in Buchform lieferbar waren. Leider nicht &#8222;Wieviel Irrtum&#8230;&#8220;, das Pikanteste &#8211; nur noch antiquarisch.<\/p>\n","protected":false},"excerpt":{"rendered":"<p>. Als geb\u00fcrtiger Rorschacher konnte es Bruno Stanek 1987\/88 nicht bleiben lassen, auch zwei nicht nur humoristische Sachb\u00fccher f\u00fcr den Nebelspalter-Verlag zu schreiben. In den beiden ersten Werken &#8222;Sparer leben gef\u00e4hrlich&#8220; und &#8222;Tragbare Opfer&#8220; fasste der Autor so ziemlich alles &hellip; <a href=\"http:\/\/stanek.ch\/wordpress\/buecher\/\">Weiterlesen <span class=\"meta-nav\">&rarr;<\/span><\/a><\/p>\n","protected":false},"author":1,"featured_media":0,"parent":0,"menu_order":0,"comment_status":"closed","ping_status":"open","template":"onecolumn-page.php","meta":{"footnotes":""},"class_list":["post-6","page","type-page","status-publish","hentry"],"_links":{"self":[{"href":"http:\/\/stanek.ch\/wordpress\/wp-json\/wp\/v2\/pages\/6","targetHints":{"allow":["GET"]}}],"collection":[{"href":"http:\/\/stanek.ch\/wordpress\/wp-json\/wp\/v2\/pages"}],"about":[{"href":"http:\/\/stanek.ch\/wordpress\/wp-json\/wp\/v2\/types\/page"}],"author":[{"embeddable":true,"href":"http:\/\/stanek.ch\/wordpress\/wp-json\/wp\/v2\/users\/1"}],"replies":[{"embeddable":true,"href":"http:\/\/stanek.ch\/wordpress\/wp-json\/wp\/v2\/comments?post=6"}],"version-history":[{"count":18,"href":"http:\/\/stanek.ch\/wordpress\/wp-json\/wp\/v2\/pages\/6\/revisions"}],"predecessor-version":[{"id":17669,"href":"http:\/\/stanek.ch\/wordpress\/wp-json\/wp\/v2\/pages\/6\/revisions\/17669"}],"wp:attachment":[{"href":"http:\/\/stanek.ch\/wordpress\/wp-json\/wp\/v2\/media?parent=6"}],"curies":[{"name":"wp","href":"https:\/\/api.w.org\/{rel}","templated":true}]}}