{"id":207,"date":"2010-11-26T07:30:13","date_gmt":"2010-11-26T06:30:13","guid":{"rendered":"http:\/\/stanek.ch\/wordpress\/"},"modified":"2011-09-25T19:22:32","modified_gmt":"2011-09-25T18:22:32","slug":"vergangene-vortrage-2000-2010","status":"publish","type":"page","link":"http:\/\/stanek.ch\/wordpress\/vergangene-vortrage-2000-2010\/","title":{"rendered":"Vergangene \u00f6ffentliche Vortr\u00e4ge 2000-2010"},"content":{"rendered":"<p>R\u00fcckschau auf fr\u00fchere \u00f6ffentliche Vortr\u00e4ge oder TV Sendungen<\/p>\n<p><a href=\"http:\/\/www.stanek.ch\/Vortrag2010.htm\">2010<\/a>, <a href=\"http:\/\/www.stanek.ch\/Vortrag2009.htm\">2009<\/a>, <a href=\"http:\/\/www.stanek.ch\/Vortrag2008.htm\">2008<\/a>, <a href=\"http:\/\/www.stanek.ch\/Vortrag2007.htm\">2007<\/a>, <a href=\"http:\/\/www.stanek.ch\/Vortrag2006.htm\">2006<\/a>, <a href=\"http:\/\/www.stanek.ch\/Vortrag2005.htm\">2005<\/a> , <a href=\"http:\/\/www.stanek.ch\/Vortrag2004.htm\">2004<\/a>, <a href=\"http:\/\/www.stanek.ch\/Vortrag2003.htm\">2003<\/a>, <a href=\"http:\/\/www.stanek.ch\/Vortrag2002.htm\">2002<\/a>, <a href=\"http:\/\/www.stanek.ch\/Vortrag2001.htm\">2001<\/a>, <a href=\"http:\/\/www.stanek.ch\/Vortrag2000.htm\">2000<\/a><\/p>\n","protected":false},"excerpt":{"rendered":"<p>R\u00fcckschau auf fr\u00fchere \u00f6ffentliche Vortr\u00e4ge oder TV Sendungen 2010, 2009, 2008, 2007, 2006, 2005 , 2004, 2003, 2002, 2001, 2000<\/p>\n","protected":false},"author":1,"featured_media":0,"parent":0,"menu_order":0,"comment_status":"closed","ping_status":"open","template":"onecolumn-page.php","meta":{"footnotes":""},"class_list":["post-207","page","type-page","status-publish","hentry"],"_links":{"self":[{"href":"http:\/\/stanek.ch\/wordpress\/wp-json\/wp\/v2\/pages\/207","targetHints":{"allow":["GET"]}}],"collection":[{"href":"http:\/\/stanek.ch\/wordpress\/wp-json\/wp\/v2\/pages"}],"about":[{"href":"http:\/\/stanek.ch\/wordpress\/wp-json\/wp\/v2\/types\/page"}],"author":[{"embeddable":true,"href":"http:\/\/stanek.ch\/wordpress\/wp-json\/wp\/v2\/users\/1"}],"replies":[{"embeddable":true,"href":"http:\/\/stanek.ch\/wordpress\/wp-json\/wp\/v2\/comments?post=207"}],"version-history":[{"count":7,"href":"http:\/\/stanek.ch\/wordpress\/wp-json\/wp\/v2\/pages\/207\/revisions"}],"predecessor-version":[{"id":213,"href":"http:\/\/stanek.ch\/wordpress\/wp-json\/wp\/v2\/pages\/207\/revisions\/213"}],"wp:attachment":[{"href":"http:\/\/stanek.ch\/wordpress\/wp-json\/wp\/v2\/media?parent=207"}],"curies":[{"name":"wp","href":"https:\/\/api.w.org\/{rel}","templated":true}]}}