{"id":170,"date":"2010-11-26T04:18:05","date_gmt":"2010-11-26T03:18:05","guid":{"rendered":"http:\/\/stanek.ch\/wordpress\/"},"modified":"2023-12-12T22:26:00","modified_gmt":"2023-12-12T21:26:00","slug":"bestellformular-2","status":"publish","type":"page","link":"http:\/\/stanek.ch\/wordpress\/bestellformular-2\/","title":{"rendered":"Bestellformular"},"content":{"rendered":"<p>Bis die Umstellung der Webseite abgeschlossen ist, verwenden Sie bitte noch das bis in die allerj\u00fcngste Zeit (2023\/2024) bew\u00e4hrte <a href=\"http:\/\/www.stanek.ch\/Bestell4.htm\">Bestellformular<\/a>.<\/p>\n<p>Sie bekommen das Buch gegen Rechnung und k\u00f6nnen am einfachsten per IBAN \u00fcber die Bank zahlen:<\/p>\n<p>Credit Suisse Schwyz Konto Bruno Stanek<br \/>\nIBAN CH55 0483 5002 6113 7000 0<\/p>\n<p>Lieferbar sind noch &#8222;Sparer leben gef\u00e4hrlich&#8220; und &#8222;Das weibliche Betriebssystem&#8220; aber diese beiden B\u00fccher sind meistens schon am n\u00e4chsten Tag in der Post. Auch \u00fcber die Festtage.<\/p>\n","protected":false},"excerpt":{"rendered":"<p>Bis die Umstellung der Webseite abgeschlossen ist, verwenden Sie bitte noch das bis in die allerj\u00fcngste Zeit (2023\/2024) bew\u00e4hrte Bestellformular. Sie bekommen das Buch gegen Rechnung und k\u00f6nnen am einfachsten per IBAN \u00fcber die Bank zahlen: Credit Suisse Schwyz Konto &hellip; <a href=\"http:\/\/stanek.ch\/wordpress\/bestellformular-2\/\">Weiterlesen <span class=\"meta-nav\">&rarr;<\/span><\/a><\/p>\n","protected":false},"author":1,"featured_media":0,"parent":0,"menu_order":0,"comment_status":"closed","ping_status":"closed","template":"onecolumn-page.php","meta":{"footnotes":""},"class_list":["post-170","page","type-page","status-publish","hentry"],"_links":{"self":[{"href":"http:\/\/stanek.ch\/wordpress\/wp-json\/wp\/v2\/pages\/170","targetHints":{"allow":["GET"]}}],"collection":[{"href":"http:\/\/stanek.ch\/wordpress\/wp-json\/wp\/v2\/pages"}],"about":[{"href":"http:\/\/stanek.ch\/wordpress\/wp-json\/wp\/v2\/types\/page"}],"author":[{"embeddable":true,"href":"http:\/\/stanek.ch\/wordpress\/wp-json\/wp\/v2\/users\/1"}],"replies":[{"embeddable":true,"href":"http:\/\/stanek.ch\/wordpress\/wp-json\/wp\/v2\/comments?post=170"}],"version-history":[{"count":7,"href":"http:\/\/stanek.ch\/wordpress\/wp-json\/wp\/v2\/pages\/170\/revisions"}],"predecessor-version":[{"id":15995,"href":"http:\/\/stanek.ch\/wordpress\/wp-json\/wp\/v2\/pages\/170\/revisions\/15995"}],"wp:attachment":[{"href":"http:\/\/stanek.ch\/wordpress\/wp-json\/wp\/v2\/media?parent=170"}],"curies":[{"name":"wp","href":"https:\/\/api.w.org\/{rel}","templated":true}]}}