{"id":101,"date":"2010-11-26T02:28:13","date_gmt":"2010-11-26T01:28:13","guid":{"rendered":"http:\/\/stanek.ch\/wordpress\/"},"modified":"2017-12-31T18:27:49","modified_gmt":"2017-12-31T17:27:49","slug":"wie-viel-irrtum-braucht-der-mensch","status":"publish","type":"page","link":"http:\/\/stanek.ch\/wordpress\/buecher\/wie-viel-irrtum-braucht-der-mensch\/","title":{"rendered":"Wie viel Irrtum braucht der Mensch?"},"content":{"rendered":"<p><a href=\"http:\/\/stanek.ch\/wordpress\/wp-content\/uploads\/2010\/11\/Irrtum-360.jpg\"><img loading=\"lazy\" decoding=\"async\" class=\"alignnone size-full wp-image-102\" title=\"Irrtum 360\" src=\"http:\/\/stanek.ch\/wordpress\/wp-content\/uploads\/2010\/11\/Irrtum-360.jpg\" alt=\"\" width=\"360\" height=\"440\" srcset=\"http:\/\/stanek.ch\/wordpress\/wp-content\/uploads\/2010\/11\/Irrtum-360.jpg 360w, http:\/\/stanek.ch\/wordpress\/wp-content\/uploads\/2010\/11\/Irrtum-360-245x300.jpg 245w\" sizes=\"auto, (max-width: 360px) 100vw, 360px\" \/><\/a><\/p>\n<p><strong><em>Sorry &#8211; beide Auflagen ausverkauft &#8211; vergriffen. Leider nur noch antiquarisch!<\/em><\/p>\n<p>Der dritte Streich nach 18 Jahren. Gleiche Ausstattung, aber (2. Aufl.) 248 Seiten, gebunden, mit einem Vorwort von ex. St\u00e4nderat Andreas Iten und einem weiteren der Schriftstellerin Margrit Schriber. Balsam auf die Seele von Verzweifelten, welche der unlautere Zeitgeist auch schon zu Zynikern gemacht hat.<br \/>\nBei Tolstoi hiess es leicht anders: \u201eWie viel Erde braucht der Mensch\u201c. Er kam zum Schluss, dass der Grundst\u00fccksbedarf des Menschen letztlich vom Friedhofsg\u00e4rtner bestimmt wird. Nicht immer muss man aber die Bed\u00fcrfnisse so weit senken, denn andere G\u00fcter sind auf diesem Planeten weit weniger beschr\u00e4nkt als der Boden. Zum Beispiel Irrt\u00fcmer aller Gattung, deren Verf\u00fcgbarkeit weniger wachstumshemmenden Gesetzen gehorcht. \u00c4hnlich einer Gesetzesflut entwickelt sie vielmehr eine Eigendynamik. Die meisten Menschen, ausser vielleicht besonders \u201eillusionslose\u201c, sammeln Irrt\u00fcmer, um sich ihr Leben per Selbstbetrug behaglicher zu gestalten. \u00c4hnlich den Leuten, deren Kleiderschr\u00e4nke voll von Hunderten oder Tausenden von St\u00fccken sind, damit sie die Umwelt bei keiner Temperatur mehr zur Kenntnis nehmen m\u00fcssen und mit passenden Kleidern bei jeder Begegnung etwas darstellen k\u00f6nnen. Im Gegensatz zum nimmersatten Grossgrundbesitzer von Tolstoi stossen sie jedoch manchmal schon zu Lebzeiten an Grenzen, wenn auch ganz andere, eher logische anstatt materielle. Man k\u00f6nnte jene \u201eNebenwirkungen der Widerspr\u00fcche\u201c nennen. Mit Irrt\u00fcmern lassen sich zum Beispiel nur ganz selten Pr\u00fcfungen bestehen, und in gewissen Situationen ist es besonders gef\u00e4hrlich, wenn man sich ihrer nicht schnell genug und unerkannt entledigen kann. \u00c4hnlich wie bei gewissen Schleiern aus Kunststoff, welche im unerwartetsten Moment blitzschnell in Brand geraten und das Opfer lebenslang zeichnen k\u00f6nnen.<\/p>\n<h5><span style=\"color: #444444;\">Preis: 32 sFr, 20 Euro.<\/span><\/h5>\n<h5><span style=\"color: #444444;\">ISBN 3-908572-36-3<\/span><\/h5>\n<p><a href=\"http:\/\/www.stanek.ch\/Bestell4.htm\">Hier bestellbar<\/a>, auf Wunsch mit Signierung<\/p>\n<p><a href=\"http:\/\/www.stanek.ch\/Pictures\/treffpunkt_20061213.mp3\">DRS1-Radiosendung<\/a> &#8222;Treffpunkt&#8220; vom 13. Dezember 2006, welche den Bestseller erst definitiv ausl\u00f6ste.<\/p>\n<p><strong>Ein Video zum Buch auf YouTube:<\/strong><\/p>\n<p><iframe loading=\"lazy\" width=\"640\" height=\"360\" src=\"https:\/\/www.youtube.com\/embed\/94Uqyq0VnpY?rel=0\" frameborder=\"0\" allowfullscreen><\/iframe><\/p>\n<p><a href=\"http:\/\/www.stanek.ch\/Pictures\/Sternsekunde%2018.9.2006%20640x480.wmv\">Video Einf\u00fchrung zum Buch<\/a> (640 x 480 Pixel, 17.6 MB, downloadbar)<\/p>\n","protected":false},"excerpt":{"rendered":"<p>Sorry &#8211; beide Auflagen ausverkauft &#8211; vergriffen. Leider nur noch antiquarisch! Der dritte Streich nach 18 Jahren. Gleiche Ausstattung, aber (2. Aufl.) 248 Seiten, gebunden, mit einem Vorwort von ex. St\u00e4nderat Andreas Iten und einem weiteren der Schriftstellerin Margrit Schriber. &hellip; <a href=\"http:\/\/stanek.ch\/wordpress\/buecher\/wie-viel-irrtum-braucht-der-mensch\/\">Weiterlesen <span class=\"meta-nav\">&rarr;<\/span><\/a><\/p>\n","protected":false},"author":1,"featured_media":0,"parent":6,"menu_order":0,"comment_status":"closed","ping_status":"closed","template":"onecolumn-page.php","meta":{"footnotes":""},"class_list":["post-101","page","type-page","status-publish","hentry"],"_links":{"self":[{"href":"http:\/\/stanek.ch\/wordpress\/wp-json\/wp\/v2\/pages\/101","targetHints":{"allow":["GET"]}}],"collection":[{"href":"http:\/\/stanek.ch\/wordpress\/wp-json\/wp\/v2\/pages"}],"about":[{"href":"http:\/\/stanek.ch\/wordpress\/wp-json\/wp\/v2\/types\/page"}],"author":[{"embeddable":true,"href":"http:\/\/stanek.ch\/wordpress\/wp-json\/wp\/v2\/users\/1"}],"replies":[{"embeddable":true,"href":"http:\/\/stanek.ch\/wordpress\/wp-json\/wp\/v2\/comments?post=101"}],"version-history":[{"count":19,"href":"http:\/\/stanek.ch\/wordpress\/wp-json\/wp\/v2\/pages\/101\/revisions"}],"predecessor-version":[{"id":7124,"href":"http:\/\/stanek.ch\/wordpress\/wp-json\/wp\/v2\/pages\/101\/revisions\/7124"}],"up":[{"embeddable":true,"href":"http:\/\/stanek.ch\/wordpress\/wp-json\/wp\/v2\/pages\/6"}],"wp:attachment":[{"href":"http:\/\/stanek.ch\/wordpress\/wp-json\/wp\/v2\/media?parent=101"}],"curies":[{"name":"wp","href":"https:\/\/api.w.org\/{rel}","templated":true}]}}